{"id":1983,"date":"2019-06-14T12:19:39","date_gmt":"2019-06-14T12:19:39","guid":{"rendered":"http:\/\/nuclear-option.blocksize.hr\/?page_id=1983"},"modified":"2022-10-10T10:14:44","modified_gmt":"2022-10-10T10:14:44","slug":"committees","status":"publish","type":"page","link":"https:\/\/nuclear-option.org\/2022\/committees\/","title":{"rendered":"Committees"},"content":{"rendered":"<div class=\"fusion-fullwidth fullwidth-box fusion-builder-row-1 nonhundred-percent-fullwidth non-hundred-percent-height-scrolling\" style=\"--awb-border-radius-top-left:0px;--awb-border-radius-top-right:0px;--awb-border-radius-bottom-right:0px;--awb-border-radius-bottom-left:0px;--awb-flex-wrap:wrap;\" ><div class=\"fusion-builder-row fusion-row\"><div class=\"fusion-layout-column fusion_builder_column fusion-builder-column-0 fusion_builder_column_1_1 1_1 fusion-one-full fusion-column-first fusion-column-last\" style=\"--awb-bg-size:cover;\"><div class=\"fusion-column-wrapper fusion-column-has-shadow fusion-flex-column-wrapper-legacy\"><div class=\"fusion-text fusion-text-1\"><div class=\"PlaviText\"><strong>Organising Committee<\/strong><\/div>\n<ul>\n<li><strong>S. \u0160adek, Croatia, Chairman<\/strong><\/li>\n<li>P. Du\u010dki\u0107, Croatia<\/li>\n<li>A. Holjak, Croatia<\/li>\n<li>I. Ivekovi\u0107, Croatia<\/li>\n<li>M. Matijevi\u0107, Croatia<\/li>\n<li>D. Pevec, Croatia<\/li>\n<li>\u017d. Tom\u0161i\u0107, Croatia<\/li>\n<li>K. Trontl, Croatia<\/li>\n<li>\u0160. Vlahovi\u0107, Croatia<\/li>\n<\/ul>\n<div class=\"PlaviText\"><strong>Conference Secretary<\/strong><\/div>\n<ul>\n<li>A. Holjak, Croatia<\/li>\n<\/ul>\n<div class=\"PlaviText\"><strong>Programme Committee<\/strong><\/div>\n<ul>\n<li><strong>I. Vrbani\u0107, Croatia, Chairman<\/strong><\/li>\n<li>C. Allison, USA<\/li>\n<li>I. Ba\u0161i\u0107, Croatia<\/li>\n<li>N. \u010cavlina, Croatia<\/li>\n<li>M. \u010cepin, Slovenia<\/li>\n<li>Z. \u010corak, Croatia<\/li>\n<li>F. D&#8217;Auria, Italy<\/li>\n<li>B. Filipovi\u0107-Gr\u010di\u0107, Croatia<\/li>\n<li>M. Giot, Belgium<\/li>\n<li>M. Gluhak, Croatia<\/li>\n<li>D. Grgi\u0107, Croatia<\/li>\n<li>J. Ha\u0161\u010dik, Slovakia<\/li>\n<li>Z. Heruc, Croatia<\/li>\n<li>V. Jelavi\u0107, Croatia<\/li>\n<li>I. Jen\u010di\u010d, Slovenia<\/li>\n<li>D. Kav\u0161ek, Slovenia<\/li>\n<li>M. Kim, Republic of Korea<\/li>\n<li>M. Kromar, Slovenia<\/li>\n<li>J. Lebegner, Croatia<\/li>\n<li>J. Lappanen, Finland<\/li>\n<li>B. Mavko, Slovenia<\/li>\n<li>S. Medakovi\u0107, Croatia<\/li>\n<li>J. Mi\u0161\u00e1k, Czech Republic<\/li>\n<li>S. Monti, IAEA<\/li>\n<li>T. Nemec, Slovenia<\/li>\n<li>B. Niceno, Switzerland<\/li>\n<li>L. Paveli\u0107, Croatia<\/li>\n<li>B. Petrovi\u0107, USA<\/li>\n<li>A. Petruzzi, Italy<\/li>\n<li>D. Pevec, Croatia<\/li>\n<li>A. Pro\u0161ek, Slovenia<\/li>\n<li>H. Prpi\u0107, Croatia<\/li>\n<li>C. Pulido, Spain<\/li>\n<li>F. Rahnema, USA<\/li>\n<li>N. Rendi\u0107-Mio\u010devi\u0107, Croatia<\/li>\n<li>M. Ricotti, Italy<\/li>\n<li>S. Ro\u017eman, Slovenia<\/li>\n<li>P. Sabharwall, USA<\/li>\n<li>V. H. Sanchez Espinoza, Germany<\/li>\n<li>Z. \u0160imi\u0107, EC<\/li>\n<li>P. \u0160irola, Slovenia<\/li>\n<li>\u017d. Tom\u0161i\u0107, Croatia<\/li>\n<li>I. Vukovi\u0107, Croatia<\/li>\n<li>K. Yamauchi, Japan<\/li>\n<li>M. Zeljko, Croatia<\/li>\n<li>T. \u017dagar, Slovenia<\/li>\n<\/ul>\n<\/div><div class=\"fusion-clearfix\"><\/div><\/div><\/div><\/div><\/div>\n","protected":false},"excerpt":{"rendered":"","protected":false},"author":1,"featured_media":0,"parent":0,"menu_order":0,"comment_status":"closed","ping_status":"closed","template":"","meta":{"footnotes":""},"class_list":["post-1983","page","type-page","status-publish","hentry"],"_links":{"self":[{"href":"https:\/\/nuclear-option.org\/2022\/wp-json\/wp\/v2\/pages\/1983","targetHints":{"allow":["GET"]}}],"collection":[{"href":"https:\/\/nuclear-option.org\/2022\/wp-json\/wp\/v2\/pages"}],"about":[{"href":"https:\/\/nuclear-option.org\/2022\/wp-json\/wp\/v2\/types\/page"}],"author":[{"embeddable":true,"href":"https:\/\/nuclear-option.org\/2022\/wp-json\/wp\/v2\/users\/1"}],"replies":[{"embeddable":true,"href":"https:\/\/nuclear-option.org\/2022\/wp-json\/wp\/v2\/comments?post=1983"}],"version-history":[{"count":5,"href":"https:\/\/nuclear-option.org\/2022\/wp-json\/wp\/v2\/pages\/1983\/revisions"}],"predecessor-version":[{"id":2481,"href":"https:\/\/nuclear-option.org\/2022\/wp-json\/wp\/v2\/pages\/1983\/revisions\/2481"}],"wp:attachment":[{"href":"https:\/\/nuclear-option.org\/2022\/wp-json\/wp\/v2\/media?parent=1983"}],"curies":[{"name":"wp","href":"https:\/\/api.w.org\/{rel}","templated":true}]}}