{"id":2566,"date":"2022-05-27T14:58:42","date_gmt":"2022-05-27T14:58:42","guid":{"rendered":"https:\/\/nuclear-option.org\/2022\/?page_id=2566"},"modified":"2022-10-10T10:14:44","modified_gmt":"2022-10-10T10:14:44","slug":"panel-discussion","status":"publish","type":"page","link":"https:\/\/nuclear-option.org\/2022\/panel-discussion\/","title":{"rendered":"Panel discussion"},"content":{"rendered":"<p>&nbsp;<\/p>\n<p>Panel discussion <strong>\u201cNuclear for Climate &#8211; Some Basic Preconditions\u201c<\/strong> is taking place on Tuesday, <strong>June 7th 2022, at 9:30 h<\/strong>. The panel discussion is divided in two parts. The first part discusses the role and the importance of the nuclear option in national energy strategies while the second part is devoted to the challenges of the public relations for the nuclear option.<\/p>\n<p>Moderators:<\/p>\n<p><strong>Prof.dr.sc. \u017deljko Tom\u0161i\u0107<\/strong> (University of Zagreb Faculty of Electrical Engineering and Computing, Croatia)<\/p>\n<p><strong>Sanja Kukmanovi\u0107, dipl. oec.<\/strong> (Fund for Financing the Decommissioning of the Kr\u0161ko NPP, Croatia)<\/p>\n","protected":false},"excerpt":{"rendered":"<p>&nbsp; Panel discussion \u201cNuclear for Climate &#8211; Some Basic Preconditions\u201c is taking place on Tuesday, June 7th 2022, at 9:30 h. The panel discussion is divided in two parts. The first part discusses the role and the importance of the nuclear option in national energy strategies while the second part is devoted to the challenges of the public relations for the nuclear option. Moderators: Prof.dr.sc. \u017deljko Tom\u0161i\u0107 (University of Zagreb Faculty of Electrical Engineering and Computing, Croatia) Sanja Kukmanovi\u0107, dipl. oec. (Fund for Financing the Decommissioning of the Kr\u0161ko NPP, Croatia)<\/p>\n","protected":false},"author":5,"featured_media":0,"parent":0,"menu_order":0,"comment_status":"closed","ping_status":"closed","template":"","meta":{"footnotes":""},"class_list":["post-2566","page","type-page","status-publish","hentry"],"_links":{"self":[{"href":"https:\/\/nuclear-option.org\/2022\/wp-json\/wp\/v2\/pages\/2566","targetHints":{"allow":["GET"]}}],"collection":[{"href":"https:\/\/nuclear-option.org\/2022\/wp-json\/wp\/v2\/pages"}],"about":[{"href":"https:\/\/nuclear-option.org\/2022\/wp-json\/wp\/v2\/types\/page"}],"author":[{"embeddable":true,"href":"https:\/\/nuclear-option.org\/2022\/wp-json\/wp\/v2\/users\/5"}],"replies":[{"embeddable":true,"href":"https:\/\/nuclear-option.org\/2022\/wp-json\/wp\/v2\/comments?post=2566"}],"version-history":[{"count":5,"href":"https:\/\/nuclear-option.org\/2022\/wp-json\/wp\/v2\/pages\/2566\/revisions"}],"predecessor-version":[{"id":2573,"href":"https:\/\/nuclear-option.org\/2022\/wp-json\/wp\/v2\/pages\/2566\/revisions\/2573"}],"wp:attachment":[{"href":"https:\/\/nuclear-option.org\/2022\/wp-json\/wp\/v2\/media?parent=2566"}],"curies":[{"name":"wp","href":"https:\/\/api.w.org\/{rel}","templated":true}]}}