{"id":2734,"date":"2022-09-27T08:29:51","date_gmt":"2022-09-27T08:29:51","guid":{"rendered":"https:\/\/nuclear-option.org\/2024\/?page_id=2734"},"modified":"2025-03-28T21:20:27","modified_gmt":"2025-03-28T21:20:27","slug":"proceedings","status":"publish","type":"page","link":"https:\/\/nuclear-option.org\/2024\/proceedings\/","title":{"rendered":"Proceedings"},"content":{"rendered":"<h2><strong>HND2024 Conference Proceedings<\/strong><\/h2>\n<h3><a href=\"https:\/\/nuclear-option.org\/2024\/wp-content\/uploads\/2025\/03\/HND2024_Proc.Info_.pdf\">Proceedings Info<\/a><\/h3>\n<h3><a href=\"https:\/\/nuclear-option.org\/2024\/wp-content\/uploads\/2025\/03\/HND2024_Proc.Foreword.pdf\">Proceedings Foreword<\/a><\/h3>\n<h3>Invited Presentations (IP)<\/h3>\n<div>\n<p><a href=\"https:\/\/nuclear-option.org\/2024\/wp-content\/uploads\/2025\/02\/IP-1.pdf\">IP-1\u00a0\u00a0\u00a0\u00a0\u00a0\u00a0\u00a0 Brianna Irene Lazerwitz: \u201cNuclear Energy in Climate Resilient, Low Carbon Energy Systems\u201d (Presentation)<\/a><\/p>\n<\/div>\n<div>\n<p><a href=\"https:\/\/nuclear-option.org\/2024\/wp-content\/uploads\/2025\/02\/IP-2.pdf\">IP-2\u00a0\u00a0\u00a0\u00a0\u00a0\u00a0\u00a0 Danijel Levi\u010dar: \u201cThe role of Nuclear Energy in the Green Transition in Slovenia\u201d (Presentation)<\/a><\/p>\n<\/div>\n<div>\n<p><a href=\"https:\/\/nuclear-option.org\/2024\/wp-content\/uploads\/2025\/02\/IP-3.pdf\">IP-3\u00a0 \u00a0\u00a0\u00a0\u00a0\u00a0 Francesco D&#8217;Auria: \u201cPerspective for Nuclear Thermal Hydraulics&#8221; (Presentation)<\/a><\/p>\n<\/div>\n<div>\n<p><a href=\"https:\/\/nuclear-option.org\/2024\/wp-content\/uploads\/2025\/02\/IP-4.pdf\">IP-4\u00a0 \u00a0\u00a0\u00a0\u00a0\u00a0 Jozef Mi\u0161ak: \u201cPresent Status and Near-Term Plans of Nuclear Power in the Czech Republic&#8221; (Presentation)<\/a><\/p>\n<\/div>\n<div>\n<p><a href=\"https:\/\/nuclear-option.org\/2024\/wp-content\/uploads\/2025\/02\/IP-5.pdf\">IP-5\u00a0 \u00a0\u00a0\u00a0\u00a0\u00a0 Rodolphe Jobard: \u201cDeveloping Nuclear Supply Chain and Resources for Nuclear Power Plants&#8221; (Presentation)<\/a><\/p>\n<\/div>\n<div>\n<p><a href=\"https:\/\/nuclear-option.org\/2024\/wp-content\/uploads\/2025\/02\/IP-6.pdf\">IP-6\u00a0 \u00a0\u00a0\u00a0\u00a0\u00a0 Tomislav Plav\u0161i\u0107, Boris Markota: \u201cTransmission Grid Resilience to Support NPP Operation&#8221; (Presentation)<\/a><\/p>\n<\/div>\n<div>\n<p><a href=\"https:\/\/nuclear-option.org\/2024\/wp-content\/uploads\/2025\/02\/IP-7.pdf\">IP-7\u00a0 \u00a0\u00a0\u00a0\u00a0\u00a0 Toma\u017e Nemec: \u201cThird Periodic Safety Review of the Kr\u0161ko NPP &#8211; Basis for Extension of Plant Operating License and Transition to long-term Operation&#8221; (Presentation)<\/a><\/p>\n<\/div>\n<div>\n<p><a href=\"https:\/\/nuclear-option.org\/2024\/wp-content\/uploads\/2025\/02\/IP-8.pdf\">IP-8\u00a0 \u00a0\u00a0\u00a0\u00a0\u00a0 Ivica Ba\u0161i\u0107: \u201cDONES and ITER Projects Overview and Perspective&#8221; (Presentation)<\/a><\/p>\n<p><a href=\"https:\/\/nuclear-option.org\/2024\/wp-content\/uploads\/2025\/02\/IP-9.pdf\">IP-9\u00a0 \u00a0\u00a0\u00a0\u00a0\u00a0 Luke Thomas: \u201cRolls-Royce SMR: Clean and Affordable Energy for All&#8221; (Presentation)<\/a><\/p>\n<\/div>\n<h3>Panel Discussion (PD) Nuclear Energy in Climate Resilient, Low Carbon Energy Systems<\/h3>\n<div>\n<p><a href=\"https:\/\/nuclear-option.org\/2024\/wp-content\/uploads\/2025\/02\/PD-1.pdf\">PD-1\u00a0 \u00a0 \u00a0 \u00a0Brianna Irene Lazerwitz: \u201cNuclear Energy in Climate Resilient, Low Carbon Energy Systems\u201d (Abstract only)<\/a><\/p>\n<\/div>\n<div>\n<p><a href=\"https:\/\/nuclear-option.org\/2024\/wp-content\/uploads\/2025\/02\/PD-2.pdf\">PD-2\u00a0 \u00a0 \u00a0 Tomislav Plav\u0161i\u0107, Boris Markota: \u201cTransmission Grid Resilience to Support NPP Operation&#8221; (Abstract only)<\/a><\/p>\n<\/div>\n<h3>Session 1 Nuclear Safety Analyses (NSA)<\/h3>\n<p><a href=\"https:\/\/nuclear-option.org\/2024\/wp-content\/uploads\/2024\/12\/S1-103.pdf\">S1-103\u00a0\u00a0 Andrej Pro\u0161ek: \u201cTRACE Assessment against Semiscale NC-2 and NC-3 Tests and ROSA\/LSTF SB-HL-02 Test&#8221;<\/a><\/p>\n<div>\n<p><a href=\"https:\/\/nuclear-option.org\/2024\/wp-content\/uploads\/2024\/12\/S1-117.pdf\">S1-117\u00a0 \u00a0Qifan Yu, Hamidreza Yousefi, Qingling Cai, Ruiyu Sun, Vincenzo Zingales, Francesco D&#8217;Auria: \u201cPressure Drops: Scaling, Research Prioritization and Validation-Consistency&#8221;<\/a><\/p>\n<\/div>\n<div>\n<p><a href=\"https:\/\/nuclear-option.org\/2024\/wp-content\/uploads\/2025\/02\/S1-120.pdf\">S1-120\u00a0 \u00a0Hamidreza Yousefi, Vincenzo Zingales, Gregory Lefevre, Francesco D&#8217;Auria: \u201cAnalysis of BEPU-Approached Multi-Physical Wall-to-Fluid Friction Pressure Drop Phenomenon&#8221;<\/a><\/p>\n<\/div>\n<div>\n<p><a href=\"https:\/\/nuclear-option.org\/2024\/wp-content\/uploads\/2024\/12\/S1-122.pdf\">S1-122\u00a0 \u00a0Reni Banov: \u201cAlgebraic Decision Diagrams in Multi-State Reliability Analysis of Nuclear Power Plant Systems&#8221;<\/a><\/p>\n<\/div>\n<div>\n<p><a href=\"https:\/\/nuclear-option.org\/2024\/wp-content\/uploads\/2024\/12\/S1-135.pdf\">S1-135\u00a0 \u00a0Vincenzo Zingales, Francesco D&#8217;Auria, Yassin A. Hassan: \u201cThermal Hydraulic Design Aspects of an Integral Pressurized Water Reactor&#8221;<\/a><\/p>\n<\/div>\n<div>\n<p><a href=\"https:\/\/nuclear-option.org\/2024\/wp-content\/uploads\/2024\/12\/S1-144.pdf\">S1-144\u00a0 \u00a0Vincenzo Zingales, Dominique Bestion, Klaus Umminger, Francesco D&#8217;Auria: \u201cInvestigation of Three-Dimensional Effects on Natural Circulation Nuclear Reactors: Chimney Recirculation&#8221;<\/a><\/p>\n<\/div>\n<div><\/div>\n<div>\n<h3>Session 2 Operation, Maintenance and Lifetime Expansion Experience (OMLEE)<\/h3>\n<\/div>\n<div>\n<p><a href=\"https:\/\/nuclear-option.org\/2024\/wp-content\/uploads\/2025\/02\/S2-101.pdf\">S2-101\u00a0 \u00a0Lenart Pu\u0161nik, Matija Guli\u0161: \u201cImplementation of Containment Inspection Program at NPP Kr\u0161ko&#8221;<\/a><\/p>\n<\/div>\n<div>\n<p><a href=\"https:\/\/nuclear-option.org\/2024\/wp-content\/uploads\/2025\/02\/S2-113.pdf\">S2-113\u00a0 \u00a0Hrvoje Luka\u010devi\u0107, Barbara Vrdoljak Colo: \u201cNPP Kr\u0161ko Alternative Residual Heat Removal (ARHR) System<\/a>&#8221;<\/p>\n<\/div>\n<div>\n<p><a href=\"https:\/\/nuclear-option.org\/2024\/wp-content\/uploads\/2025\/02\/S2-127.pdf\">S2-127\u00a0 \u00a0Rudi \u010ci\u017emek, Bojan Bo\u017ein: \u201cCoding in Kr\u0161ko NPP Corrective Action Program&#8221;<\/a><\/p>\n<\/div>\n<div>\n<p><a href=\"https:\/\/nuclear-option.org\/2024\/wp-content\/uploads\/2025\/02\/S2-128.pdf\">S2-128\u00a0 \u00a0Juraj Milobar, Vedran Nikl, Roman Medve\u0161ek: \u201cOverview of NEK Commercial Grade Dedication Process with Regard to Industry Lessons Learned&#8221;<\/a><\/p>\n<\/div>\n<div>\n<p><a href=\"https:\/\/nuclear-option.org\/2024\/wp-content\/uploads\/2025\/02\/S2-136.pdf\">S2-136\u00a0 \u00a0Primo\u017e Vintar, Maja Mikec, Jaka Jen\u0161kovec, Gordan Jankovi\u0107, Peter Klenov\u0161ek: \u201cApproach to Calculating Uncertainty of Instrument Channels in Nuclear Facilities: Case Study Presentation&#8221;<\/a><\/p>\n<\/div>\n<div>\n<p><a href=\"https:\/\/nuclear-option.org\/2024\/wp-content\/uploads\/2025\/02\/S2-164.pdf\">S2-164\u00a0 \u00a0Nata\u0161a Kovjanovi\u0107, Bruno Bogatin, Gregor \u0160kmorc, Amir Be\u0161irevi\u0107: \u201cMain Feedwater Flow Station Measurement Verification by Crossflow&#8221;<\/a><\/p>\n<\/div>\n<h3>Session 3 Nuclear Option in the Context of Energy, Economics, Finance and Resilience (NEEFR)<\/h3>\n<div>\n<p><a href=\"https:\/\/nuclear-option.org\/2024\/wp-content\/uploads\/2025\/02\/S3-115.pdf\">S3-115\u00a0 \u00a0Luka Alujevi\u0107, Ana Juki\u0107: \u201cNon-electric Applications for Small Modular Reactors (SMRs)&#8221;<\/a><\/p>\n<\/div>\n<div>\n<p><a href=\"https:\/\/nuclear-option.org\/2024\/wp-content\/uploads\/2025\/02\/S3-124.pdf\">S3-124\u00a0 \u00a0Francesco D&#8217;Auria, Romney Duffey, Koroush Shirvan, Enrico Zio: \u201cThe Present and the Future of Nuclear Power Technology: An Opinion on Energy Policy, Competitive Concepts, Societal Safety and Acceptable Risk&#8221;<\/a><\/p>\n<\/div>\n<div>\n<p><a href=\"https:\/\/nuclear-option.org\/2024\/wp-content\/uploads\/2025\/02\/S3-126.pdf\">S3-126\u00a0 \u00a0Seokjean Lyou, Jinbok Cho, Si Hwan Kim, Joon-Ku Lee: \u201cDevelopment of Advanced Small Modular Reactors in Korea: A Promising Path toward Net-Zero Goals&#8221;<\/a><\/p>\n<\/div>\n<div>\n<p><a href=\"https:\/\/nuclear-option.org\/2024\/wp-content\/uploads\/2025\/02\/S3-146.pdf\">S3-146\u00a0 \u00a0Dinka Lale, Dubravko Pevec, Mario Matijevi\u0107: \u201cAn Economy Aspect of Different Nuclear Energy Development Scenarios in the Future&#8221;<\/a><\/p>\n<\/div>\n<h3>Session 4 Regulatory Practice and Emergency Preparedness (RPEP)<\/h3>\n<div><a href=\"https:\/\/nuclear-option.org\/2024\/wp-content\/uploads\/2025\/02\/S4-116.pdf\">S4-116\u00a0 \u00a0Tomi \u017divko, Toma\u017e Nemec: \u201cActivities in the Field of Small Modular Reactors in Slovenia&#8221;<\/a><\/div>\n<h3>Session 5 Reactor Physics and Nuclear Fuel Cycle (RPNFC)<\/h3>\n<div>\n<p><a href=\"https:\/\/nuclear-option.org\/2024\/wp-content\/uploads\/2025\/02\/S5-130.pdf\">S5-130\u00a0 Mario Matijevi\u0107, Andrea Kaselj, Kre\u0161imir Trontl: \u201c Calculation of Sievert Integral for Point-Kernel Shielding Applications&#8221;<\/a><\/p>\n<\/div>\n<div>\n<p><a href=\"https:\/\/nuclear-option.org\/2024\/wp-content\/uploads\/2025\/02\/S5-131.pdf\">S5-131\u00a0 \u00a0Mario Matijevi\u0107, Matej Peke\u010d: \u201cGBC-32 Cask Shielding Evaluation Using Hybrid Shielding Methodology&#8221;<\/a><\/p>\n<\/div>\n<div>\n<p><a href=\"https:\/\/nuclear-option.org\/2024\/wp-content\/uploads\/2025\/02\/S5-133.pdf\">S5-133\u00a0 \u00a0Mario Matijevi\u0107, Kre\u0161imir Trontl, Dubravko Pevec: \u201cRPV Irradiation Simulation Using the Contributon Flux Solution&#8221;<\/a><\/p>\n<\/div>\n<div>\n<p><a href=\"https:\/\/nuclear-option.org\/2024\/wp-content\/uploads\/2025\/03\/S5-137.pdf\">S5-137\u00a0 \u00a0Marjan Kromar, Vid Merljak: \u201cApplicability of the Industry Standards for the Determination of the NPP Kr\u0161ko Decay Heat&#8221;<\/a><\/p>\n<\/div>\n<div>\n<p><a href=\"https:\/\/nuclear-option.org\/2024\/wp-content\/uploads\/2025\/03\/S5-143.pdf\">S5-143\u00a0\u00a0 Bojan Petrovic, Garrett Youngblood: \u201cAutomated Parallel Execution of SCALE\/MAVRIC Replica Simulations&#8221;<\/a><\/p>\n<\/div>\n<div>\n<p><a href=\"https:\/\/nuclear-option.org\/2024\/wp-content\/uploads\/2025\/03\/S5-152.pdf\">S5-152\u00a0 Radomir Je\u010dmenica, Davor Grgi\u0107, Bojan Petrovic, Paulina Dru\u017eijani\u0107: \u201cBenchmark Calculation of FHR Fuel Assembly Phase I-C Depletion Exercises&#8221;<\/a><\/p>\n<\/div>\n<div>\n<p><a href=\"https:\/\/nuclear-option.org\/2024\/wp-content\/uploads\/2025\/03\/S5-153-1.pdf\">S5-153\u00a0 Davor Grgi\u0107, Nikola Novosel, Paulina Dru\u017eijani\u0107, Petra Strme\u010dki: \u201cNatural Heat Transfer Performance of Helium Filled Spent Fuel Multi Purpose Container Calculated for Different Initial Pressures&#8221;<\/a><\/p>\n<\/div>\n<h3>Session 6 Severe Accident Analyses and Risk Assessment (SAA)<\/h3>\n<div>\n<p><a href=\"https:\/\/nuclear-option.org\/2024\/wp-content\/uploads\/2024\/12\/S6-139.pdf\">S6-139\u00a0 Sini\u0161a \u0160adek, Davor Grgi\u0107, Petra Strme\u010dki: \u201cDevelopment of the Numerical Model of the IRIS Reactor for Severe Accident Analysis&#8221;<\/a><\/p>\n<\/div>\n<div>\n<p><a href=\"https:\/\/nuclear-option.org\/2024\/wp-content\/uploads\/2024\/12\/S6-140.pdf\">S6-140\u00a0 Sini\u0161a \u0160adek, Davor Grgi\u0107, Petra Strme\u010dki: \u201cCalculation of Unmitigated Small Break Loss of Coolant Accident for the IRIS Reactor&#8221;<\/a><\/p>\n<\/div>\n<div>\n<p><a href=\"https:\/\/nuclear-option.org\/2024\/wp-content\/uploads\/2024\/12\/S6-147.pdf\">S6-147\u00a0 Vesna Ben\u010dik, Davor Grgi\u0107, Sini\u0161a \u0160adek, Paulina Dru\u017eijani\u0107: \u201cNPP Kr\u0161ko Steam Generator Tube Rupture (SGTR) Accident Analysis Using MELCOR Code&#8221;<\/a><\/p>\n<\/div>\n<div>\n<p><a href=\"https:\/\/nuclear-option.org\/2024\/wp-content\/uploads\/2025\/02\/S6-150.pdf\">S6-150\u00a0 \u00a0Ivica Ba\u0161i\u0107, Ivan Vrbani\u0107: \u201cSevere Accident Management: Assessment of Time Window for Performing RCS Depressurization&#8221;<\/a><\/p>\n<\/div>\n<div>\n<p><a href=\"https:\/\/nuclear-option.org\/2024\/wp-content\/uploads\/2025\/03\/S6-151.pdf\">S6-151\u00a0 Petra Strme\u010dki, Sini\u0161a \u0160adek, Davor Grgi\u0107: \u201cCalculation and Uncertainty Quantification of the QUENCH-03 Experiment Simulation Using the ASYST Code&#8221;<\/a><\/p>\n<\/div>\n<div>\n<p><a href=\"https:\/\/nuclear-option.org\/2024\/wp-content\/uploads\/2025\/02\/S6-162.pdf\">S6-162\u00a0 \u00a0Zdenko \u0160imi\u0107: \u201cExploring the Use of Large Language Models in Human Reliability<\/a><br \/>\n<a href=\"https:\/\/nuclear-option.org\/2024\/wp-content\/uploads\/2025\/02\/S6-162.pdf\">Analysis: Opportunities and Challenges&#8221;<\/a><\/p>\n<\/div>\n<h3>Session 7 Radioactive Waste Management and Decommissioning, Radiation Hazard and Protection (RWMD)<\/h3>\n<div>\n<p><a href=\"https:\/\/nuclear-option.org\/2024\/wp-content\/uploads\/2025\/03\/S7-108.pdf\">S7-108\u00a0 \u0160pela Mechora, Sandi Vir\u0161ek: \u201cUpdates on LILW Disposal Facility in Slovenia&#8221;<\/a><\/p>\n<\/div>\n<div>\n<p><a href=\"https:\/\/nuclear-option.org\/2024\/wp-content\/uploads\/2025\/03\/S7-111.pdf\">S7-111\u00a0 Heiko Herbell, Tobias Lopian, Frank Kostroun, Nikolaus Neudert, Jose Pedro Moreira do Amaral: \u201cOptimized Dismantling Methodology and Importance of Radiological Characterization&#8221;<\/a><\/p>\n<\/div>\n<div>\n<p><a href=\"https:\/\/nuclear-option.org\/2024\/wp-content\/uploads\/2025\/03\/S7-114.pdf\">S7-114\u00a0 Simona Su\u010di\u0107, Marko Kostanjevec, Janez Vodopivec: \u201cSlovenia\u2019s Journey in Institutional Radioactive Waste Management&#8221;<\/a><\/p>\n<\/div>\n<div>\n<p><a href=\"https:\/\/nuclear-option.org\/2024\/wp-content\/uploads\/2025\/02\/S7-132.pdf\">S7-132\u00a0 Davor Ra\u0161eta, Andrea Rapi\u0107, Branko Petrinec, Tomislav Bituh, Dinko Babi\u0107, Iva Franulovi\u0107, Milica Kova\u010di\u0107, Petra Tagliaretti, Gorana Karanovi\u0107, \u017deljko Grahek, Ivana Tucakovi\u0107, Martina Ivkovi\u0107, \u017deljka Zgorelec, Ivan \u0160iri\u0107, Nikica \u0160prem, Dragan Bubalo, Delko Bari\u0161i\u0107: \u201cAssessing the Initial Radiological State of the Proposed Location for Croatia\u2019s Radioactive Waste Management Centre&#8221;<\/a><\/p>\n<\/div>\n<div>\n<p><a href=\"https:\/\/nuclear-option.org\/2024\/wp-content\/uploads\/2025\/03\/S7-141.pdf\">S7-141\u00a0 \u00a0Goran Kukmanovi\u0107: \u201cRadioactive Waste Management Centre in Croatia&#8221;<\/a><\/p>\n<\/div>\n<h3>Session 8 Safety Culture, Knowledge Management and Public Relations (SCPR)<\/h3>\n<div>\n<p><a href=\"https:\/\/nuclear-option.org\/2024\/wp-content\/uploads\/2025\/02\/S8-125.pdf\">S8-125\u00a0 \u00a0Sanda Plesli\u0107, Eda Jovi\u010di\u0107: \u201cRole of Peer Assist in Nuclear Knowledge Management&#8221;<\/a><\/p>\n<\/div>\n<div>\n<p><a href=\"https:\/\/nuclear-option.org\/2024\/wp-content\/uploads\/2025\/02\/S8-129.pdf\">S8-129\u00a0 \u00a0Marko Habijanec, Kre\u0161imir Trontl: \u201cPreliminary Bibliometric Analysis of Artificial Intelligence Methods Applied to In-Core Fuel Management and Radioactive Waste Management&#8221;<\/a><\/p>\n<p><a href=\"https:\/\/nuclear-option.org\/2024\/wp-content\/uploads\/2024\/12\/S8-145.pdf\">S8-145\u00a0 Vincenzo Zingales, Qingling Cai, Dominique Bestion, Klaus Umminger, Francesco D\u2019Auria: \u201cAdvancing Nuclear Reactor Thermal-Hydraulics: Collaborative Initiatives FONESYS and SILENCE&#8221;<\/a><\/p>\n<p>&nbsp;<\/p>\n<\/div>\n","protected":false},"excerpt":{"rendered":"<p>HND2024 Conference Proceedings Proceedings Info Proceedings Foreword Invited Presentations (IP) IP-1\u00a0\u00a0\u00a0\u00a0\u00a0\u00a0\u00a0 Brianna Irene Lazerwitz: \u201cNuclear Energy in Climate Resilient, Low Carbon Energy Systems\u201d (Presentation) IP-2\u00a0\u00a0\u00a0\u00a0\u00a0\u00a0\u00a0 Danijel Levi\u010dar: \u201cThe role of Nuclear Energy in the Green Transition in Slovenia\u201d (Presentation) IP-3\u00a0 \u00a0\u00a0\u00a0\u00a0\u00a0 Francesco D&#8217;Auria: \u201cPerspective for Nuclear Thermal Hydraulics&#8221; (Presentation) IP-4\u00a0 \u00a0\u00a0\u00a0\u00a0\u00a0 Jozef Mi\u0161ak: \u201cPresent Status and Near-Term Plans of Nuclear Power in the Czech Republic&#8221; (Presentation) IP-5\u00a0 \u00a0\u00a0\u00a0\u00a0\u00a0 Rodolphe Jobard: \u201cDeveloping Nuclear Supply Chain and Resources for Nuclear Power Plants&#8221; (Presentation) IP-6\u00a0 \u00a0\u00a0\u00a0\u00a0\u00a0 Tomislav Plav\u0161i\u0107, Boris Markota: \u201cTransmission Grid Resilience to Support NPP Operation&#8221; (Presentation) IP-7\u00a0 \u00a0\u00a0\u00a0\u00a0\u00a0 Toma\u017e Nemec: \u201cThird Periodic <a href=\"https:\/\/nuclear-option.org\/2024\/proceedings\/\"> [&#8230;]<\/a><\/p>\n","protected":false},"author":5,"featured_media":0,"parent":0,"menu_order":0,"comment_status":"closed","ping_status":"closed","template":"","meta":{"footnotes":""},"class_list":["post-2734","page","type-page","status-publish","hentry"],"_links":{"self":[{"href":"https:\/\/nuclear-option.org\/2024\/wp-json\/wp\/v2\/pages\/2734","targetHints":{"allow":["GET"]}}],"collection":[{"href":"https:\/\/nuclear-option.org\/2024\/wp-json\/wp\/v2\/pages"}],"about":[{"href":"https:\/\/nuclear-option.org\/2024\/wp-json\/wp\/v2\/types\/page"}],"author":[{"embeddable":true,"href":"https:\/\/nuclear-option.org\/2024\/wp-json\/wp\/v2\/users\/5"}],"replies":[{"embeddable":true,"href":"https:\/\/nuclear-option.org\/2024\/wp-json\/wp\/v2\/comments?post=2734"}],"version-history":[{"count":151,"href":"https:\/\/nuclear-option.org\/2024\/wp-json\/wp\/v2\/pages\/2734\/revisions"}],"predecessor-version":[{"id":3269,"href":"https:\/\/nuclear-option.org\/2024\/wp-json\/wp\/v2\/pages\/2734\/revisions\/3269"}],"wp:attachment":[{"href":"https:\/\/nuclear-option.org\/2024\/wp-json\/wp\/v2\/media?parent=2734"}],"curies":[{"name":"wp","href":"https:\/\/api.w.org\/{rel}","templated":true}]}}